{"id":11355,"date":"2024-10-23T23:09:09","date_gmt":"2024-10-23T23:09:09","guid":{"rendered":"https:\/\/telemarkahorro.com.ar\/product\/yerba-cbse\/"},"modified":"2024-11-30T01:57:25","modified_gmt":"2024-11-30T01:57:25","slug":"yerba-cbse","status":"publish","type":"product","link":"https:\/\/telemarkahorro.com.ar\/en\/product\/yerba-cbse\/","title":{"rendered":"Yerba CBS\u00c9 x500gr"},"content":{"rendered":"<p>Descripci\u00f3n del producto Yerba CBS\u00c9<\/p>","protected":false},"excerpt":{"rendered":"<p>Descripci\u00f3n del producto Yerba CBS\u00c9<\/p>","protected":false},"featured_media":11334,"comment_status":"open","ping_status":"closed","template":"","meta":[],"etheme_brands":[{"term_id":370,"name":"CBSE","slug":"cbse","term_group":0,"term_taxonomy_id":370,"taxonomy":"brand","description":"","parent":0,"count":8,"filter":"raw"}],"product_cat":[339],"product_tag":[],"class_list":{"0":"post-11355","1":"product","2":"type-product","3":"status-publish","4":"has-post-thumbnail","6":"brand-cbse","7":"product_cat-almacen","9":"first","10":"instock","11":"shipping-taxable","12":"purchasable","13":"product-type-simple"},"_links":{"self":[{"href":"https:\/\/telemarkahorro.com.ar\/en\/wp-json\/wp\/v2\/product\/11355","targetHints":{"allow":["GET"]}}],"collection":[{"href":"https:\/\/telemarkahorro.com.ar\/en\/wp-json\/wp\/v2\/product"}],"about":[{"href":"https:\/\/telemarkahorro.com.ar\/en\/wp-json\/wp\/v2\/types\/product"}],"replies":[{"embeddable":true,"href":"https:\/\/telemarkahorro.com.ar\/en\/wp-json\/wp\/v2\/comments?post=11355"}],"version-history":[{"count":2,"href":"https:\/\/telemarkahorro.com.ar\/en\/wp-json\/wp\/v2\/product\/11355\/revisions"}],"predecessor-version":[{"id":11610,"href":"https:\/\/telemarkahorro.com.ar\/en\/wp-json\/wp\/v2\/product\/11355\/revisions\/11610"}],"wp:featuredmedia":[{"embeddable":true,"href":"https:\/\/telemarkahorro.com.ar\/en\/wp-json\/wp\/v2\/media\/11334"}],"wp:attachment":[{"href":"https:\/\/telemarkahorro.com.ar\/en\/wp-json\/wp\/v2\/media?parent=11355"}],"wp:term":[{"taxonomy":"brand","embeddable":true,"href":"https:\/\/telemarkahorro.com.ar\/en\/wp-json\/wp\/v2\/etheme_brands?post=11355"},{"taxonomy":"product_cat","embeddable":true,"href":"https:\/\/telemarkahorro.com.ar\/en\/wp-json\/wp\/v2\/product_cat?post=11355"},{"taxonomy":"product_tag","embeddable":true,"href":"https:\/\/telemarkahorro.com.ar\/en\/wp-json\/wp\/v2\/product_tag?post=11355"}],"curies":[{"name":"wp","href":"https:\/\/api.w.org\/{rel}","templated":true}]}}