{"id":4931,"date":"2018-10-19T13:28:15","date_gmt":"2018-10-19T13:28:15","guid":{"rendered":"https:\/\/xstore.8theme.com\/demos\/2\/organic01\/?page_id=4468"},"modified":"2024-11-08T07:49:49","modified_gmt":"2024-11-08T07:49:49","slug":"tracking","status":"publish","type":"page","link":"https:\/\/telemarkahorro.com.ar\/en\/tracking\/","title":{"rendered":"Seguimiento"},"content":{"rendered":"<div data-elementor-type=\"wp-page\" data-elementor-id=\"4931\" class=\"elementor elementor-4931\" data-elementor-post-type=\"page\">\n\t\t\t\t\t\t<section class=\"elementor-section elementor-top-section elementor-element elementor-element-e83a366 elementor-section-full_width elementor-section-stretched elementor-section-height-full elementor-section-height-default elementor-section-items-middle\" data-id=\"e83a366\" data-element_type=\"section\" data-settings=\"{&quot;stretch_section&quot;:&quot;section-stretched&quot;,&quot;background_background&quot;:&quot;classic&quot;}\">\n\t\t\t\t\t\t\t<div class=\"elementor-background-overlay\"><\/div>\n\t\t\t\t\t\t\t<div class=\"elementor-container elementor-column-gap-no\">\n\t\t\t\t\t<div class=\"elementor-column elementor-col-100 elementor-top-column elementor-element elementor-element-ee21236\" data-id=\"ee21236\" data-element_type=\"column\">\n\t\t\t<div class=\"elementor-widget-wrap elementor-element-populated\">\n\t\t\t\t\t\t<div class=\"elementor-element elementor-element-2b523a5 elementor-widget elementor-widget-heading\" data-id=\"2b523a5\" data-element_type=\"widget\" data-widget_type=\"heading.default\">\n\t\t\t\t<div class=\"elementor-widget-container\">\n\t\t\t\t\t<h2 class=\"elementor-heading-title elementor-size-default\">Estamos preparando esta secci\u00f3n<\/h2>\t\t\t\t<\/div>\n\t\t\t\t<\/div>\n\t\t\t\t<div class=\"elementor-element elementor-element-b36beae elementor-widget elementor-widget-text-editor\" data-id=\"b36beae\" data-element_type=\"widget\" data-widget_type=\"text-editor.default\">\n\t\t\t\t<div class=\"elementor-widget-container\">\n\t\t\t\t\t\t\t\t\t<p>Pronto podr\u00e1s seguir tus env\u00edos y saber donde est\u00e1 tu compra<\/p>\t\t\t\t\t\t\t\t<\/div>\n\t\t\t\t<\/div>\n\t\t\t\t\t<\/div>\n\t\t<\/div>\n\t\t\t\t\t<\/div>\n\t\t<\/section>\n\t\t\t\t<\/div>","protected":false},"excerpt":{"rendered":"<p>Estamos preparando esta secci\u00f3n Pronto podr\u00e1s seguir tus env\u00edos y saber donde est\u00e1 tu compra<\/p>","protected":false},"author":2,"featured_media":0,"parent":0,"menu_order":0,"comment_status":"closed","ping_status":"closed","template":"","meta":{"footnotes":""},"class_list":["post-4931","page","type-page","status-publish","hentry"],"_links":{"self":[{"href":"https:\/\/telemarkahorro.com.ar\/en\/wp-json\/wp\/v2\/pages\/4931","targetHints":{"allow":["GET"]}}],"collection":[{"href":"https:\/\/telemarkahorro.com.ar\/en\/wp-json\/wp\/v2\/pages"}],"about":[{"href":"https:\/\/telemarkahorro.com.ar\/en\/wp-json\/wp\/v2\/types\/page"}],"author":[{"embeddable":true,"href":"https:\/\/telemarkahorro.com.ar\/en\/wp-json\/wp\/v2\/users\/2"}],"replies":[{"embeddable":true,"href":"https:\/\/telemarkahorro.com.ar\/en\/wp-json\/wp\/v2\/comments?post=4931"}],"version-history":[{"count":4,"href":"https:\/\/telemarkahorro.com.ar\/en\/wp-json\/wp\/v2\/pages\/4931\/revisions"}],"predecessor-version":[{"id":11554,"href":"https:\/\/telemarkahorro.com.ar\/en\/wp-json\/wp\/v2\/pages\/4931\/revisions\/11554"}],"wp:attachment":[{"href":"https:\/\/telemarkahorro.com.ar\/en\/wp-json\/wp\/v2\/media?parent=4931"}],"curies":[{"name":"wp","href":"https:\/\/api.w.org\/{rel}","templated":true}]}}